{"id":187,"date":"2021-07-04T08:53:10","date_gmt":"2021-07-04T08:53:10","guid":{"rendered":"https:\/\/lukaswiesflecker.com\/impressum\/"},"modified":"2021-07-12T17:19:33","modified_gmt":"2021-07-12T17:19:33","slug":"impressum","status":"publish","type":"page","link":"https:\/\/lukaswiesflecker.com\/de\/impressum\/","title":{"rendered":"Impressum"},"content":{"rendered":"<p>Haftungsausschluss<\/p>\n<p>Chainexplained Ltd.<\/p>\n<p>33 Nikolaou I. Nikolaidi Ave<br \/>\nKS Tower, Office 10<br \/>\n8010 Paphos<br \/>\nZypern<\/p>\n<p>Die auf dieser Website enthaltenen Informationen dienen nur zu Informationszwecken und sind nicht als umfassende oder endg\u00fcltige Beschreibung des jeweiligen Themas gedacht und d\u00fcrfen nicht als Ersatz f\u00fcr eine spezifische Beratung in Bezug auf bestimmte Situationen betrachtet werden. Sie geben auch nur die Meinung des Autors wieder und nicht unbedingt die der Chainexplained Ltd.<\/p>\n<p>Obwohl wir uns bem\u00fchen, die Zuverl\u00e4ssigkeit und Genauigkeit der auf dieser Website enthaltenen Informationen zu gew\u00e4hrleisten, \u00fcbernimmt die Chainexplained Ltd. keine Gew\u00e4hr f\u00fcr deren Richtigkeit, Vollst\u00e4ndigkeit, Eignung oder Sonstiges. Chainexplained Ltd \u00fcbernimmt keine Haftung oder Verantwortung f\u00fcr irgendwelche Fehler oder Auslassungen, oder f\u00fcr irgendwelche Ergebnisse oder Sch\u00e4den\/Verluste, die aus der Verwendung dieser Informationen auf der Website entstehen. Weiterhin \u00fcbernimmt die Chainexplained Ltd keine Verantwortung f\u00fcr externe Internetseiten oder Inhalte, die mit dieser Website verlinkt sind. Die auf der Website verf\u00fcgbaren Dokumente und sonstigen Werke sind urheberrechtlich gesch\u00fctzt und alle Rechte bleiben dem Rechteinhaber vorbehalten.<\/p>\n<p>Der gesamte auf dieser Website verf\u00fcgbare Inhalt, wie z.B. Texte, Grafiken, Logos, Schaltfl\u00e4chensymbole, Bilder, Audioclips, Videoclips und\/oder andere Inhalte (zusammenfassend &#8222;Inhalt&#8220;), ist Eigentum von Chainexplained Ltd. und ist durch internationale Urheberrechtsgesetze gesch\u00fctzt. Die Zusammenstellung (d.h. die Sammlung, Anordnung und Zusammenf\u00fcgung) des gesamten Inhalts auf dieser Website ist das ausschlie\u00dfliche Eigentum von Chainexplained Ltd und ist durch internationale Urheberrechtsgesetze gesch\u00fctzt. Chainexplained Ltd beh\u00e4lt sich das Recht vor, alle Inhalte, aus welcher Quelle auch immer, jederzeit, aus welchem Grund auch immer (einschlie\u00dflich, aber nicht beschr\u00e4nkt auf Anspr\u00fcche oder Behauptungen, die von Dritten in Bezug auf solche Inhalte gemacht werden), oder ohne jeglichen Grund zu entfernen.<\/p>\n","protected":false},"excerpt":{"rendered":"<p>Haftungsausschluss Chainexplained Ltd. 33 Nikolaou I. Nikolaidi Ave KS Tower, Office 10 8010 Paphos Zypern Die auf dieser Website enthaltenen Informationen dienen nur zu Informationszwecken und sind nicht als umfassende oder endg\u00fcltige Beschreibung des jeweiligen Themas gedacht und d\u00fcrfen nicht als Ersatz f\u00fcr eine spezifische Beratung in Bezug auf bestimmte Situationen betrachtet werden. Sie geben &hellip; <\/p>\n<p class=\"link-more\"><a href=\"https:\/\/lukaswiesflecker.com\/de\/impressum\/\" class=\"more-link\"><span class=\"screen-reader-text\">&#8222;Impressum&#8220;<\/span> weiterlesen<\/a><\/p>\n","protected":false},"author":1,"featured_media":0,"parent":0,"menu_order":0,"comment_status":"closed","ping_status":"closed","template":"","meta":{"footnotes":""},"class_list":["post-187","page","type-page","status-publish","hentry","entry"],"_links":{"self":[{"href":"https:\/\/lukaswiesflecker.com\/de\/wp-json\/wp\/v2\/pages\/187","targetHints":{"allow":["GET"]}}],"collection":[{"href":"https:\/\/lukaswiesflecker.com\/de\/wp-json\/wp\/v2\/pages"}],"about":[{"href":"https:\/\/lukaswiesflecker.com\/de\/wp-json\/wp\/v2\/types\/page"}],"author":[{"embeddable":true,"href":"https:\/\/lukaswiesflecker.com\/de\/wp-json\/wp\/v2\/users\/1"}],"replies":[{"embeddable":true,"href":"https:\/\/lukaswiesflecker.com\/de\/wp-json\/wp\/v2\/comments?post=187"}],"version-history":[{"count":1,"href":"https:\/\/lukaswiesflecker.com\/de\/wp-json\/wp\/v2\/pages\/187\/revisions"}],"predecessor-version":[{"id":251,"href":"https:\/\/lukaswiesflecker.com\/de\/wp-json\/wp\/v2\/pages\/187\/revisions\/251"}],"wp:attachment":[{"href":"https:\/\/lukaswiesflecker.com\/de\/wp-json\/wp\/v2\/media?parent=187"}],"curies":[{"name":"wp","href":"https:\/\/api.w.org\/{rel}","templated":true}]}}