{"id":184,"date":"2021-07-04T08:53:53","date_gmt":"2021-07-04T08:53:53","guid":{"rendered":"https:\/\/lukaswiesflecker.com\/datenschutz\/"},"modified":"2021-07-12T17:34:16","modified_gmt":"2021-07-12T17:34:16","slug":"datenschutz","status":"publish","type":"page","link":"https:\/\/lukaswiesflecker.com\/de\/datenschutz\/","title":{"rendered":"Datenschutz"},"content":{"rendered":"<div>\n<h2>Erkl\u00e4rung zum Datenschutz<\/h2>\n<p>Diese Datenschutzerkl\u00e4rung gilt f\u00fcr die Chainexplained Ltd, 33 Nikolaou I. Nikolaidi Ave<br \/>\nKS Tower, Office 10, 8010 Paphos, (nachfolgend die &#8222;Akademie&#8220;, &#8222;wir&#8220; oder &#8222;uns&#8220;), die unter dem Link: https:\/\/www.lukaswiesflecker.com eine Online-Plattform zur Erbringung von Schulungs- und Ausbildungsdienstleistungen betreibt.<\/p>\n<p>Der Datenschutz ist f\u00fcr die Academy von besonderer Bedeutung. Daher verarbeiten wir personenbezogene Daten in \u00dcbereinstimmung mit den geltenden Gesetzen und Vorschriften.<\/p>\n<p>In dieser Datenschutzerkl\u00e4rung informieren wir Sie sowie die betroffenen Personen umfassend \u00fcber unsere Datenverarbeitungsmethoden. Ferner werden Sie bzw. die betroffenen Personen mittels dieser Datenschutzerkl\u00e4rung \u00fcber die Rechte der betroffenen Personen informiert.<\/p>\n<p>&#8222;Personenbezogene Daten&#8220; sind alle Informationen, die sich auf Personen beziehen oder die wir anderweitig mit Personen in Verbindung bringen k\u00f6nnen. Hierunter fallen personenbezogene Daten von Mitarbeitern, Auftragnehmern, Publikum, Agenturen und Verbrauchern von Ihnen und Ihren verbundenen Unternehmen.<\/p>\n<p>Wenn wir in dieser Datenschutzerkl\u00e4rung von der Verarbeitung personenbezogener Daten sprechen, meinen wir jede Form des Umgangs mit personenbezogenen Daten. Dazu geh\u00f6ren z. B. das Erheben, Speichern, Verwalten, Nutzen, \u00dcbermitteln, Offenlegen oder L\u00f6schen von personenbezogenen Daten.<\/p>\n<h2>Wie sch\u00fctzen wir personenbezogene Daten?<\/h2>\n<p>Wir verf\u00fcgen \u00fcber technische und organisatorische Sicherheitsma\u00dfnahmen, um die Sicherheit personenbezogener Daten zu gew\u00e4hrleisten und diese vor unbefugter oder unrechtm\u00e4\u00dfiger Verarbeitung und\/oder vor unbeabsichtigtem Verlust, Ver\u00e4nderung, Offenlegung oder unbefugtem Zugriff zu sch\u00fctzen.<\/p>\n<p>Dennoch sollten Sie sich stets dar\u00fcber im Klaren sein, dass die \u00dcbertragung von Daten \u00fcber das Internet und andere elektronische Medien gewisse Sicherheitsrisiken birgt und wir keine Garantie f\u00fcr die Sicherheit von Daten, die auf diese Weise \u00fcbertragen werden, \u00fcbernehmen k\u00f6nnen.<\/p>\n<h2>Wie lange bewahren wir die Daten auf?<\/h2>\n<p>Wir bewahren personenbezogene Daten so lange auf, wie wir es f\u00fcr notwendig oder angemessen halten, um den geltenden Gesetzen zu entsprechen, oder solange dies f\u00fcr die Zwecke, f\u00fcr die sie erhoben wurden, erforderlich ist.<\/p>\n<p>Welche Rechte haben die betroffenen Personen in Bezug auf ihre personenbezogenen Daten?<br \/>\nBetroffene Personen haben das Recht zu erfahren, ob und wenn ja, welche personenbezogenen Daten wir \u00fcber sie verarbeiten, und k\u00f6nnen eine Kopie davon verlangen.<\/p>\n<p>Im Rahmen des geltenden Rechts hat der Betroffene ferner das Recht, seine personenbezogenen Daten zu berichtigen oder zu erg\u00e4nzen, der Verarbeitung seiner personenbezogenen Daten zu widersprechen oder (unter bestimmten Voraussetzungen) die L\u00f6schung seiner personenbezogenen Daten zu verlangen. Betroffene k\u00f6nnen sich auch gegen die Verarbeitung bestimmter personenbezogener Daten wehren und die Einschr\u00e4nkung der Datenverarbeitung verlangen. Dar\u00fcber hinaus hat der Betroffene das Recht, seine personenbezogenen Daten auf einem maschinenlesbaren Datentr\u00e4ger zu erhalten und an einen Dritten zu \u00fcbermitteln. Wir weisen darauf hin, dass die Einschr\u00e4nkung oder L\u00f6schung personenbezogener Daten dazu f\u00fchren kann, dass wir u. a. vertragliche Verpflichtungen, wie z. B. die Erbringung von Schulungs- oder Ausbildungsleistungen, nicht mehr erf\u00fcllen oder keine Mitteilungen und Einladungen mehr versenden k\u00f6nnen.<\/p>\n<p>Betroffene Personen haben das Recht, ihre Datenschutzrechte jederzeit geltend zu machen.<\/p>\n<p>Zu den Kontaktdaten wird auf die nachfolgende Ziffer 4 verwiesen. In diesem Zusammenhang behalten wir uns das Recht vor, auf elektronischem Wege (insbesondere per E-Mail) zu korrespondieren.<\/p>\n<p>Wenn betroffene Personen mit unserer Datenverarbeitung nicht einverstanden sind, k\u00f6nnen sie dies bei den zust\u00e4ndigen Aufsichtsbeh\u00f6rden in der EU oder ihrem Heimatland melden.<\/p>\n<h2>Wie k\u00f6nnen wir kontaktiert werden?<\/h2>\n<p>Wenn Betroffene ihre Rechte in Bezug auf ihre personenbezogenen Daten geltend machen m\u00f6chten, Fragen oder Bedenken hinsichtlich der Verarbeitung personenbezogener Daten haben oder sonstige Fragen im Zusammenhang mit dem Datenschutz haben, k\u00f6nnen sie sich wie folgt an uns wenden:<\/p>\n<p>l.wiesflekcer@gmail.com.<\/p>\n<p>Wir werden Fragen oder Bedenken so schnell wie m\u00f6glich nach Eingang beantworten bzw. bearbeiten.<\/p>\n<p>Bitte beachten Sie, dass wir keine Auskunft \u00fcber verarbeitete personenbezogene Daten erteilen d\u00fcrfen, wenn dies durch zwingendes Recht untersagt ist.<\/p>\n<h2>Wer ist der Inhaber der Datenerhebung?<\/h2>\n<p>Wir sind gesetzlich verpflichtet, den Betroffenen den Inhaber der Datensammlung, die seine personenbezogenen Daten enth\u00e4lt, zu benennen. Der Inhaber der Datensammlung ist die Akademie.<\/p>\n<h2>Wie sammeln wir personenbezogene Daten?<\/h2>\n<p>Wir erheben personenbezogene Daten, die uns insbesondere in folgenden Konstellationen \u00fcbermittelt werden im Zusammenhang mit der Anbahnung eines Vertragsverh\u00e4ltnisses zur Erbringung von Trainings- und Ausbildungsleistungen oder zur Erbringung sonstiger von der Akademie angebotener Leistungen; wenn Sie sich f\u00fcr Kurse, Seminare oder Einzelcoaching anmelden; wenn Sie uns Kryptow\u00e4hrungen zur Bezahlung von Rechnungen zusenden; wenn Sie (oder Ihre Organe\/Mitarbeiter) mit uns per E-Mail oder \u00fcber andere Kommunikationskan\u00e4le kommunizieren; wenn Sie uns bitten, Ihnen Benachrichtigungen, Newsletter (Client Alerts) oder sonstige (Marketing-)Informationen zuzusenden; wenn Sie sich f\u00fcr eine Veranstaltung anmelden; und \u00fcber unsere Website.<\/p>\n<p>In bestimmten F\u00e4llen erg\u00e4nzen wir personenbezogene Daten mit Informationen, die wir aus \u00f6ffentlich zug\u00e4nglichen Quellen (z. B. dem Internet) gesammelt haben.<\/p>\n<h2>Wann erheben wir personenbezogene Daten?<\/h2>\n<p>Wir erheben personenbezogene Daten immer dann, wenn wir mit Ihnen bzw. den betroffenen Personen in Kontakt stehen. Die Situationen sind vielf\u00e4ltig.<\/p>\n<p>Zum Beispiel erheben wir personenbezogene Daten unter den folgenden Umst\u00e4nden: Sie besuchen unsere R\u00e4umlichkeiten; Sie erwerben unsere Dienstleistungen; Sie senden uns Kryptow\u00e4hrungen zur Bezahlung von Dienstleistungen; Sie nehmen an unseren Kursen, Seminaren oder Schulungen teil; Sie erhalten einen Newsletter oder andere Werbung \u00fcber unsere Dienstleistungen; Sie kommunizieren mit uns \u00fcber Telefon, Fax, E-Mail, Voicemail, Textnachrichten (SMS), Bildnachrichten (MMS), Videonachrichten, Instant Messaging etc. ; Sie nutzen oder kommunizieren mit uns oder Dritten \u00fcber unsere Website; Ihr mobiles Endger\u00e4t verbindet sich mit dem von uns bereitgestellten WLAN in unseren Gesch\u00e4ftsr\u00e4umen; Sie treten mit uns bei besonderen Anl\u00e4ssen wie Veranstaltungen, Werbeaktionen etc. in Kontakt.<\/p>\n<h2>Welche personenbezogenen Daten erheben wir?<\/h2>\n<p>Die erhobenen personenbezogenen Daten sind ebenfalls sehr vielf\u00e4ltig. Im oben beschriebenen Rahmen erheben wir insbesondere die folgenden automatisch oder manuell erfassten personenbezogenen Daten<\/p>\n<p>Daten zu einer Person: Name und Vorname(n); Wohnadresse; Informationen zur Kryptow\u00e4hrungs-Brieftasche (\u00f6ffentliche Schl\u00fcssel); E-Mail-Adresse(n); Name der Firma(n).<\/p>\n<p>Daten in Bezug auf die Nutzeraktivit\u00e4ten der Akademie: Vertragsdaten (u.a. Vertragsdatum, Vertragsart, Vertragsinhalt; Vertragsparteien; Vertragslaufzeit; Vertragswert; geltend gemachte Anspr\u00fcche aus dem Vertrag); Sitzungsdaten in Bezug auf Besuche auf unserer Website (u.a. Dauer und H\u00e4ufigkeit der Besuche, Sprach- und L\u00e4ndervorgaben, Informationen \u00fcber Browser und Computerbetriebssystem, Internetprotokolladressen, Suchbegriffe und Suchergebnisse, abgegebene Bewertungen); Kommunikation per Telefon, Fax, E-Mail, Voicemail, Textnachrichten (SMS), Bildnachrichten (MMS), Videonachrichten, Instant Messaging etc.<\/p>\n<h2>F\u00fcr welche Zwecke verarbeiten wir personenbezogene Daten?<\/h2>\n<p>Wir verarbeiten personenbezogene Daten f\u00fcr verschiedene Zwecke. Diese Zwecke k\u00f6nnen in verschiedene Gruppen eingeteilt werden. Insbesondere k\u00f6nnen wir alle oder einige der personenbezogenen Daten f\u00fcr einen oder mehrere der folgenden Zwecke verarbeiten:<\/p>\n<p>&#8211; Zwecke der Verarbeitung im Zusammenhang mit unseren Dienstleistungen: Anbahnung, Durchf\u00fchrung und Beendigung von Trainings- und Ausbildungsdienstleistungen, wie sie online auf der Plattform der Akademie (LINK) oder w\u00e4hrend Live-Sitzungen oder Einzelcoachings angeboten werden, einschlie\u00dflich der Rechnungsstellung; Organisation und Durchf\u00fchrung von Kursen, Seminaren oder Schulungen; Pr\u00fcfung der Kundenbonit\u00e4t.<\/p>\n<p>&#8211; Zwecke der Verarbeitung im Zusammenhang mit der Kundenkommunikation: Gesch\u00e4ftskommunikation per Post und per Telefon, Fax, E-Mail, Voicemail, Textnachrichten (SMS), Bildnachrichten (MMS), Videonachrichten, Instant Messaging usw.; Kommunikation, z.B. um Ihnen Newsletter und andere Informationen \u00fcber die Akademie zukommen zu lassen, um Ihnen Einladungen zu Veranstaltungen, Kursen, Konferenzen und Vortr\u00e4gen zukommen zu lassen und um unsere Kontaktdatenbank zu verwalten.<\/p>\n<p>&#8211; Zwecke der Verarbeitung im Zusammenhang mit besonderen Aktivit\u00e4ten und Veranstaltungen: Organisation und Durchf\u00fchrung von besonderen Anl\u00e4ssen wie z.B. Veranstaltungen, Werbeaktionen etc.<\/p>\n<p>&#8211; Zwecke der Verarbeitung im Zusammenhang mit Direktmarketing: Nutzung von Erkenntnissen aus der Analyse des Kundenverhaltens zur kontinuierlichen Verbesserung aller Serviceangebote; Individualisierte und personalisierte Anpassung der Angebote sowie der Werbung auf unserer Website, Apps f\u00fcr mobile Endger\u00e4te oder auf unseren Kan\u00e4len auf Internetplattformen bzw. sozialen Netzwerken.<\/p>\n<p>Auf welcher Rechtsgrundlage verarbeiten wir personenbezogene Daten?<br \/>\nWir verarbeiten personenbezogene Daten in erster Linie zur ordnungsgem\u00e4\u00dfen Erf\u00fcllung vertraglicher Verpflichtungen, wie z.B. der Erbringung von Schulungs- und Ausbildungsleistungen. Dar\u00fcber hinaus st\u00fctzen wir uns auf unsere berechtigten Interessen, mit Ihnen als Gesch\u00e4ftspartner in Kontakt zu bleiben, Vertr\u00e4ge vereinbarungsgem\u00e4\u00df zu erf\u00fcllen und mit Ihnen zu kommunizieren, um Sie \u00fcber Aktivit\u00e4ten und Veranstaltungen der Akademie zu informieren. Wir sind der Ansicht, dass unsere berechtigten Interessen im Einklang mit den Vorschriften und den Rechten der betroffenen Personen stehen.<\/p>\n<h2>Wo werden personenbezogene Daten gespeichert?<\/h2>\n<p>Die Akademie ist ein Unternehmen in Dubai und alle personenbezogenen Daten werden grunds\u00e4tzlich in Dubai verarbeitet und ausschlie\u00dflich auf Servern in Dubai gespeichert.<\/p>\n<h2>An wen d\u00fcrfen wir personenbezogene Daten weitergeben?<\/h2>\n<p>Wir k\u00f6nnen personenbezogene Daten an unsere verbundenen Unternehmen oder an Dritte weitergeben, um technische, organisatorische oder sonstige Dienstleistungen zu erhalten, die wir zur Erf\u00fcllung der genannten Zwecke oder unserer sonstigen Gesch\u00e4ftsaktivit\u00e4ten ben\u00f6tigen. Unsere Dienstleister sind vertraglich verpflichtet, die personenbezogenen Daten ausschlie\u00dflich in unserem Auftrag und nach unseren Weisungen zu verarbeiten. Dar\u00fcber hinaus verpflichten wir unsere Dienstleister zur Einhaltung technischer und organisatorischer Ma\u00dfnahmen, die den Schutz personenbezogener Daten gew\u00e4hrleisten.<\/p>\n<p>Wir k\u00f6nnen personenbezogene Daten auch offenlegen, wenn wir dies zur Einhaltung der geltenden Gesetze und Vorschriften, in Gerichtsverfahren, auf Verlangen der zust\u00e4ndigen Gerichte und Beh\u00f6rden oder zur Erf\u00fcllung sonstiger gesetzlicher Verpflichtungen oder zum Schutz und zur Verteidigung unserer Rechte bzw. unseres Eigentums f\u00fcr erforderlich halten.<\/p>\n<h2>Wie verwenden wir Cookies?<\/h2>\n<p>Auf unserer Website verwenden wir auch sogenannte Cookies. Das sind kleine Dateien, die auf Ihrem Computer oder Mobilger\u00e4t gespeichert werden, wenn Sie unsere Website nutzen. Auch \u00fcber unsere Verwendung von Cookies m\u00f6chten wir Sie umfassend informieren.<\/p>\n<p>Die von uns verwendeten Cookies dienen zum einen dazu, die Funktionsf\u00e4higkeit unserer Website zu gew\u00e4hrleisten. Zum anderen setzen wir Cookies ein, um Ihnen das Surfen bei uns so angenehm wie m\u00f6glich zu machen.<\/p>\n<p>Die meisten der von uns verwendeten Cookies werden nach Ende der Browser-Sitzung wieder von Ihrem Rechner oder mobilen Endger\u00e4t gel\u00f6scht (sog. Sitzungs-Cookies). Session-Cookies k\u00f6nnen z.B. dazu dienen, Ihre Sprachvorgaben \u00fcber verschiedene Seiten hinweg in einer Web-Sitzung zu speichern.<\/p>\n<p>Dar\u00fcber hinaus setzen wir tempor\u00e4re bzw. permanente Cookies ein. Diese bleiben auch nach dem Ende der Browser-Sitzung auf Ihrem Computer oder mobilen Endger\u00e4t gespeichert. Wenn Sie unsere Website erneut besuchen, werden Ihre bevorzugten Eingaben und Einstellungen automatisch erkannt. Diese tempor\u00e4ren und permanenten Cookies bleiben je nach Typ zwischen einem Monat und zehn Jahren auf Ihrem Computer oder mobilen Endger\u00e4t gespeichert und werden nach Ablauf der programmierten Zeit automatisch deaktiviert. Sie dienen dazu, unser Angebot nutzerfreundlicher, effektiver und sicherer zu machen.<\/p>\n<p>Die meisten Webbrowser akzeptieren Cookies automatisch. Sie k\u00f6nnen Ihren Browser jedoch so einstellen, dass er keine Cookies akzeptiert oder Sie jedes Mal fragt, bevor ein Cookie von einer von Ihnen besuchten Website akzeptiert wird. Sie k\u00f6nnen Cookies auch von Ihrem Computer oder mobilen Ger\u00e4t l\u00f6schen, indem Sie die entsprechende Funktion Ihres Browsers nutzen. Wenn Sie sich entscheiden, unsere Cookies oder die Cookies unserer Partnerunternehmen nicht zu akzeptieren, k\u00f6nnen Sie bestimmte Informationen auf unserer Website nicht sehen oder eine Reihe von Funktionen, die Ihren Besuch verbessern sollen, nicht nutzen.<\/p>\n<h2>Wie verwenden wir Log-Dateien?<\/h2>\n<p>Bei jedem Zugriff auf unsere Website werden aus technischen Gr\u00fcnden bestimmte Nutzungsdaten von Ihrem Internet-Browser an uns \u00fcbermittelt und in Protokolldateien, den so genannten Logfiles, gespeichert. Dabei handelt es sich um folgende Nutzungsdaten: Datum und Uhrzeit des Zugriffs auf unsere Website; Name der aufgerufenen Website; IP-Adresse Ihres Computers oder mobilen Endger\u00e4ts; Adresse der Website, von der aus Sie auf unsere Website zugegriffen haben; \u00fcbertragene Datenmenge; sowie Name und Version Ihres Browsers.<\/p>\n<p>Die Auswertung der Log-Dateien hilft uns, unser Internetangebot weiter zu verbessern und nutzerfreundlicher zu gestalten, Fehler schneller zu finden und zu beheben sowie Serverkapazit\u00e4ten zu steuern. Anhand der Logfiles k\u00f6nnen wir z.B. feststellen, zu welchen Zeiten die Nutzung unserer Internetprodukte besonders beliebt ist und entsprechende Datenmengen zur Verf\u00fcgung stellen, um Ihnen eine optimale Nutzung zu gew\u00e4hrleisten.<\/p>\n<h2>Wie setzen wir Web-Analyse-Tools ein?<\/h2>\n<p>Um unser Internetangebot st\u00e4ndig zu verbessern und zu optimieren, setzen wir sogenannte Tracking-Technologien ein. Web-Analyse-Tools liefern uns Statistiken und Grafiken, die uns Aufschluss \u00fcber die Nutzung unserer Website geben. Dabei werden Daten \u00fcber die Nutzung einer Website an den eingesetzten Server \u00fcbertragen. Je nach Anbieter eines Webanalysetools k\u00f6nnen sich diese Server im Ausland befinden.<\/p>\n<p>Bei dem am h\u00e4ufigsten genutzten Webanalysetool Google Analytics werden diese Daten einschlie\u00dflich gek\u00fcrzter IP-Adressen \u00fcbertragen, was eine Identifizierung einzelner Ger\u00e4te verhindert. Die im Rahmen von Google Analytics von Ihrem Browser \u00fcbermittelte IP-Adresse wird nicht mit anderen Daten von Google zusammengef\u00fchrt. Eine \u00dcbertragung dieser Daten durch Google an Dritte findet nur auf Grundlage gesetzlicher Bestimmungen oder im Rahmen einer Auftragsdatenverarbeitung statt.<\/p>\n<h2>Wie verwenden wir Social Plugins?<\/h2>\n<p>Unsere Website verwendet Social Plugins, z.B. von LinkedIn. Die Plugins sind mit dem Logo des jeweiligen Anbieters gekennzeichnet.<\/p>\n<p>Wenn Sie unsere Website aufrufen, die ein solches Plugin enth\u00e4lt, baut Ihr Browser eine direkte Verbindung mit den Rechnern der Anbieter auf. Der Inhalt des Plugins wird von der Anbieterseite direkt an Ihren Browser \u00fcbermittelt und von diesem in die Webseite eingebunden. Durch die Einbindung der Plugins erh\u00e4lt der Anbieter die Information, dass Sie unsere Website aufgerufen haben. Wenn Sie gleichzeitig bei dem Anbieter eingeloggt sind, kann der Anbieter den Besuch Ihrem Profil zuordnen. Wenn Sie mit den Plugins interagieren, zum Beispiel den &#8222;Gef\u00e4llt mir&#8220;-Button bet\u00e4tigen oder einen Kommentar abgeben, wird die entsprechende Information von Ihrem Browser direkt an den Anbieter \u00fcbermittelt und dort gespeichert.<\/p>\n<p>Wenn Sie nicht m\u00f6chten, dass der Anbieter \u00fcber unsere Website Daten \u00fcber Sie sammelt, m\u00fcssen Sie sich vor dem Besuch unserer Website bei dem Anbieter ausloggen. Auch wenn Sie ausgeloggt sind, erheben Anbieter \u00fcber Social Plugins anonymisierte Daten und legen ein Cookie zu Ihnen an. Wenn Sie sich zu einem sp\u00e4teren Zeitpunkt bei dem Anbieter einloggen, k\u00f6nnen diese Daten Ihrem Profil zugeordnet werden.<\/p>\n<p>Zweck und Umfang der Datenerhebung und die weitere Verarbeitung Ihrer Daten durch den Anbieter sowie Ihre diesbez\u00fcglichen Rechte und Einstellungsm\u00f6glichkeiten zum Schutz Ihrer Privatsph\u00e4re entnehmen Sie bitte den Datenschutzhinweisen des Anbieters.<\/p>\n<p>LinkedIn Ireland Unlimited Unternehmen: https:\/\/www.linkedin.com\/legal\/privacy-policy<\/p>\n<p>Wenn Sie nicht m\u00f6chten, dass der Anbieter \u00fcber diese Cookies Daten \u00fcber Sie sammelt, k\u00f6nnen Sie in Ihren Browsereinstellungen die Funktion &#8222;Cookies von Drittanbietern blockieren&#8220; w\u00e4hlen. In diesem Fall sendet der Browser bei eingebetteten Inhalten von anderen Anbietern keine Cookies an den Server. Es ist m\u00f6glich, dass mit dieser Einstellung andere Funktionen auf unserer Website nicht mehr funktionieren.<\/p>\n<h2>Anpassung der Datenschutzerkl\u00e4rung<\/h2>\n<p>Diese Datenschutzerkl\u00e4rung kann jederzeit ge\u00e4ndert werden. Wenn Sie oder betroffene Personen sich auf diese Datenschutzerkl\u00e4rung berufen wollen, fragen Sie uns bitte nach der aktuellen Version.<\/p>\n","protected":false},"excerpt":{"rendered":"<p>Erkl\u00e4rung zum Datenschutz Diese Datenschutzerkl\u00e4rung gilt f\u00fcr die Chainexplained Ltd, 33 Nikolaou I. Nikolaidi Ave KS Tower, Office 10, 8010 Paphos, (nachfolgend die &#8222;Akademie&#8220;, &#8222;wir&#8220; oder &#8222;uns&#8220;), die unter dem Link: https:\/\/www.lukaswiesflecker.com eine Online-Plattform zur Erbringung von Schulungs- und Ausbildungsdienstleistungen betreibt. Der Datenschutz ist f\u00fcr die Academy von besonderer Bedeutung. Daher verarbeiten wir personenbezogene Daten &hellip; <\/p>\n<p class=\"link-more\"><a href=\"https:\/\/lukaswiesflecker.com\/de\/datenschutz\/\" class=\"more-link\"><span class=\"screen-reader-text\">&#8222;Datenschutz&#8220;<\/span> weiterlesen<\/a><\/p>\n","protected":false},"author":1,"featured_media":0,"parent":0,"menu_order":0,"comment_status":"closed","ping_status":"closed","template":"","meta":{"footnotes":""},"class_list":["post-184","page","type-page","status-publish","hentry","entry"],"_links":{"self":[{"href":"https:\/\/lukaswiesflecker.com\/de\/wp-json\/wp\/v2\/pages\/184","targetHints":{"allow":["GET"]}}],"collection":[{"href":"https:\/\/lukaswiesflecker.com\/de\/wp-json\/wp\/v2\/pages"}],"about":[{"href":"https:\/\/lukaswiesflecker.com\/de\/wp-json\/wp\/v2\/types\/page"}],"author":[{"embeddable":true,"href":"https:\/\/lukaswiesflecker.com\/de\/wp-json\/wp\/v2\/users\/1"}],"replies":[{"embeddable":true,"href":"https:\/\/lukaswiesflecker.com\/de\/wp-json\/wp\/v2\/comments?post=184"}],"version-history":[{"count":3,"href":"https:\/\/lukaswiesflecker.com\/de\/wp-json\/wp\/v2\/pages\/184\/revisions"}],"predecessor-version":[{"id":255,"href":"https:\/\/lukaswiesflecker.com\/de\/wp-json\/wp\/v2\/pages\/184\/revisions\/255"}],"wp:attachment":[{"href":"https:\/\/lukaswiesflecker.com\/de\/wp-json\/wp\/v2\/media?parent=184"}],"curies":[{"name":"wp","href":"https:\/\/api.w.org\/{rel}","templated":true}]}}